{"id":152,"date":"2018-06-18T05:21:28","date_gmt":"2018-06-18T05:21:28","guid":{"rendered":"https:\/\/petrafaerber.li\/?page_id=152"},"modified":"2018-06-28T20:04:14","modified_gmt":"2018-06-28T20:04:14","slug":"ich-biete-ihnen","status":"publish","type":"page","link":"https:\/\/petrafaerber.li\/?page_id=152","title":{"rendered":"ich biete Ihnen"},"content":{"rendered":"<h4 style=\"text-align: center;\"><strong><span style=\"color: #800000;\">einen pers\u00f6nlichen Raum in dem Sie<\/span><\/strong><\/h4>\n<h4 style=\"text-align: center;\"><strong><span style=\"color: #800000;\">\u00a0die f\u00fcr eine Ver\u00e4nderung notwendigen Erkenntnisse erlangen<\/span><\/strong><\/h4>\n<h4 style=\"text-align: center;\"><strong><span style=\"color: #800000;\"> und <\/span><\/strong><\/h4>\n<h4 style=\"text-align: center;\"><strong><span style=\"color: #800000;\">wahrnehmen,\u00a0 was Sie geleistet haben und worauf Sie stolz sein d\u00fcrfen<\/span><\/strong><\/h4>\n<h4><\/h4>\n<p>&nbsp;<\/p>\n<h4 style=\"text-align: center;\"><strong><span style=\"color: #800000;\">Im Gespr\u00e4ch mit mir erfahren Sie Wertsch\u00e4tzung und erleben Vertrauen<\/span><\/strong><\/h4>\n<p>&nbsp;<\/p>\n<p>&nbsp;<\/p>\n<h4 style=\"text-align: center;\"><span style=\"color: #800000;\">Absolute Diskretion und Objektivit\u00e4t sind die Basis f\u00fcr das Vertrauen in Gespr\u00e4chen von Frau zu Frau &#8211; f\u00fcr diese Werte stehe ich ein<\/span><\/h4>\n<p style=\"text-align: center;\">\n","protected":false},"excerpt":{"rendered":"<p>einen pers\u00f6nlichen Raum in dem Sie \u00a0die f\u00fcr eine Ver\u00e4nderung notwendigen Erkenntnisse erlangen und wahrnehmen,\u00a0 was Sie geleistet haben und worauf Sie [&hellip;]<\/p>\n","protected":false},"author":1,"featured_media":0,"parent":0,"menu_order":0,"comment_status":"closed","ping_status":"closed","template":"","meta":[],"_links":{"self":[{"href":"https:\/\/petrafaerber.li\/index.php?rest_route=\/wp\/v2\/pages\/152"}],"collection":[{"href":"https:\/\/petrafaerber.li\/index.php?rest_route=\/wp\/v2\/pages"}],"about":[{"href":"https:\/\/petrafaerber.li\/index.php?rest_route=\/wp\/v2\/types\/page"}],"author":[{"embeddable":true,"href":"https:\/\/petrafaerber.li\/index.php?rest_route=\/wp\/v2\/users\/1"}],"replies":[{"embeddable":true,"href":"https:\/\/petrafaerber.li\/index.php?rest_route=%2Fwp%2Fv2%2Fcomments&post=152"}],"version-history":[{"count":22,"href":"https:\/\/petrafaerber.li\/index.php?rest_route=\/wp\/v2\/pages\/152\/revisions"}],"predecessor-version":[{"id":201,"href":"https:\/\/petrafaerber.li\/index.php?rest_route=\/wp\/v2\/pages\/152\/revisions\/201"}],"wp:attachment":[{"href":"https:\/\/petrafaerber.li\/index.php?rest_route=%2Fwp%2Fv2%2Fmedia&parent=152"}],"curies":[{"name":"wp","href":"https:\/\/api.w.org\/{rel}","templated":true}]}}